{"id":113,"date":"2024-10-13T23:27:09","date_gmt":"2024-10-13T16:27:09","guid":{"rendered":"http:\/\/www.planvacation.asia\/?page_id=113"},"modified":"2025-09-04T23:24:57","modified_gmt":"2025-09-04T16:24:57","slug":"contact-us","status":"publish","type":"page","link":"https:\/\/www.planvacation.asia\/de\/contact-us\/","title":{"rendered":"Kontakt"},"content":{"rendered":"<div data-elementor-type=\"wp-page\" data-elementor-id=\"113\" class=\"elementor elementor-113\">\n\t\t\t\t<div class=\"aux-parallax-section elementor-element elementor-element-c10e587 e-flex e-con-boxed e-con e-parent\" data-id=\"c10e587\" data-element_type=\"container\">\n\t\t\t\t\t<div class=\"e-con-inner\">\n\t\t\t\t<div class=\"elementor-element elementor-element-2e88607 elementor-widget elementor-widget-aux_modern_heading\" data-id=\"2e88607\" data-element_type=\"widget\" data-widget_type=\"aux_modern_heading.default\">\n\t\t\t\t<div class=\"elementor-widget-container\">\n\t\t\t\t\t<section class=\"aux-widget-modern-heading\">\n            <div class=\"aux-widget-inner\"><h2 class=\"aux-modern-heading-primary\">\ud83d\udccd Kontaktieren Sie uns<\/h2><div class=\"aux-modern-heading-divider\"><\/div><div class=\"aux-modern-heading-description\"><p><strong><span style=\"color: #0000ff\">Bitte kontaktieren Sie uns, wenn Sie besondere W\u00fcnsche oder Fragen haben.<\/span><\/strong><br data-start=\"346\" data-end=\"349\" \/><strong><span style=\"color: #0000ff\">Sie k\u00f6nnen auch das Formular ausf\u00fcllen, um uns Ihre Kommentare oder Ihr Feedback mitzuteilen.<\/span><\/strong><\/p><\/div><\/div>\n        <\/section>\t\t\t\t<\/div>\n\t\t\t\t<\/div>\n\t\t\t\t\t<\/div>\n\t\t\t\t<\/div>\n\t\t<div class=\"aux-parallax-section elementor-element elementor-element-ea6c8cf e-flex e-con-boxed e-con e-parent\" data-id=\"ea6c8cf\" data-element_type=\"container\" data-settings=\"{&quot;background_background&quot;:&quot;classic&quot;}\">\n\t\t\t\t\t<div class=\"e-con-inner\">\n\t\t<div class=\"elementor-element elementor-element-c6caae0 e-con-full e-flex e-con e-child\" data-id=\"c6caae0\" data-element_type=\"container\">\n\t\t\t\t<div class=\"elementor-element elementor-element-fa3995f elementor-view-framed elementor-widget-mobile__width-initial elementor-shape-circle elementor-position-block-start elementor-mobile-position-block-start elementor-widget elementor-widget-icon-box\" data-id=\"fa3995f\" data-element_type=\"widget\" data-widget_type=\"icon-box.default\">\n\t\t\t\t<div class=\"elementor-widget-container\">\n\t\t\t\t\t\t\t<div class=\"elementor-icon-box-wrapper\">\n\n\t\t\t\t\t\t<div class=\"elementor-icon-box-icon\">\n\t\t\t\t<a href=\"\/de\/Chat \u00fcber WhatsApp\/\" target=\"_blank\" class=\"elementor-icon\" tabindex=\"-1\" aria-label=\"Chat \u00fcber WhatsApp\">\n\t\t\t\t<svg aria-hidden=\"true\" class=\"e-font-icon-svg e-fab-whatsapp\" viewbox=\"0 0 448 512\" xmlns=\"http:\/\/www.w3.org\/2000\/svg\"><path d=\"M380.9 97.1C339 55.1 283.2 32 223.9 32c-122.4 0-222 99.6-222 222 0 39.1 10.2 77.3 29.6 111L0 480l117.7-30.9c32.4 17.7 68.9 27 106.1 27h.1c122.3 0 224.1-99.6 224.1-222 0-59.3-25.2-115-67.1-157zm-157 341.6c-33.2 0-65.7-8.9-94-25.7l-6.7-4-69.8 18.3L72 359.2l-4.4-7c-18.5-29.4-28.2-63.3-28.2-98.2 0-101.7 82.8-184.5 184.6-184.5 49.3 0 95.6 19.2 130.4 54.1 34.8 34.9 56.2 81.2 56.1 130.5 0 101.8-84.9 184.6-186.6 184.6zm101.2-138.2c-5.5-2.8-32.8-16.2-37.9-18-5.1-1.9-8.8-2.8-12.5 2.8-3.7 5.6-14.3 18-17.6 21.8-3.2 3.7-6.5 4.2-12 1.4-32.6-16.3-54-29.1-75.5-66-5.7-9.8 5.7-9.1 16.3-30.3 1.8-3.7.9-6.9-.5-9.7-1.4-2.8-12.5-30.1-17.1-41.2-4.5-10.8-9.1-9.3-12.5-9.5-3.2-.2-6.9-.2-10.6-.2-3.7 0-9.7 1.4-14.8 6.9-5.1 5.6-19.4 19-19.4 46.3 0 27.3 19.9 53.7 22.6 57.4 2.8 3.7 39.1 59.7 94.8 83.8 35.2 15.2 49 16.5 66.6 13.9 10.7-1.6 32.8-13.4 37.4-26.4 4.6-13 4.6-24.1 3.2-26.4-1.3-2.5-5-3.9-10.5-6.6z\"><\/path><\/svg>\t\t\t\t<\/a>\n\t\t\t<\/div>\n\t\t\t\n\t\t\t\t\t\t<div class=\"elementor-icon-box-content\">\n\n\t\t\t\t\t\t\t\t\t<h3 class=\"elementor-icon-box-title\">\n\t\t\t\t\t\t<a href=\"\/de\/Chat \u00fcber WhatsApp\/\" target=\"_blank\" >\n\t\t\t\t\t\t\tChat \u00fcber WhatsApp\t\t\t\t\t\t<\/a>\n\t\t\t\t\t<\/h3>\n\t\t\t\t\n\t\t\t\t\n\t\t\t<\/div>\n\t\t\t\n\t\t<\/div>\n\t\t\t\t\t\t<\/div>\n\t\t\t\t<\/div>\n\t\t\t\t<\/div>\n\t\t<div class=\"elementor-element elementor-element-941e935 e-con-full e-flex e-con e-child\" data-id=\"941e935\" data-element_type=\"container\">\n\t\t\t\t<div class=\"elementor-element elementor-element-07a690d elementor-view-framed elementor-widget-mobile__width-initial elementor-shape-circle elementor-position-block-start elementor-mobile-position-block-start elementor-widget elementor-widget-icon-box\" data-id=\"07a690d\" data-element_type=\"widget\" data-widget_type=\"icon-box.default\">\n\t\t\t\t<div class=\"elementor-widget-container\">\n\t\t\t\t\t\t\t<div class=\"elementor-icon-box-wrapper\">\n\n\t\t\t\t\t\t<div class=\"elementor-icon-box-icon\">\n\t\t\t\t<a href=\"\/de\/info.pvathailand@gmail.com\/\" target=\"_blank\" class=\"elementor-icon\" tabindex=\"-1\" aria-label=\"info.pvathailand@gmail.com\">\n\t\t\t\t<i aria-hidden=\"true\" class=\"auxicon auxicon-mail\"><\/i>\t\t\t\t<\/a>\n\t\t\t<\/div>\n\t\t\t\n\t\t\t\t\t\t<div class=\"elementor-icon-box-content\">\n\n\t\t\t\t\t\t\t\t\t<h3 class=\"elementor-icon-box-title\">\n\t\t\t\t\t\t<a href=\"\/de\/info.pvathailand@gmail.com\/\" target=\"_blank\" >\n\t\t\t\t\t\t\tinfo.pvathailand@gmail.com\t\t\t\t\t\t<\/a>\n\t\t\t\t\t<\/h3>\n\t\t\t\t\n\t\t\t\t\n\t\t\t<\/div>\n\t\t\t\n\t\t<\/div>\n\t\t\t\t\t\t<\/div>\n\t\t\t\t<\/div>\n\t\t\t\t<\/div>\n\t\t<div class=\"elementor-element elementor-element-829e582 e-con-full e-flex e-con e-child\" data-id=\"829e582\" data-element_type=\"container\">\n\t\t\t\t<div class=\"elementor-element elementor-element-0867e11 elementor-view-framed elementor-widget-mobile__width-initial elementor-shape-circle elementor-position-block-start elementor-mobile-position-block-start elementor-widget elementor-widget-icon-box\" data-id=\"0867e11\" data-element_type=\"widget\" data-widget_type=\"icon-box.default\">\n\t\t\t\t<div class=\"elementor-widget-container\">\n\t\t\t\t\t\t\t<div class=\"elementor-icon-box-wrapper\">\n\n\t\t\t\t\t\t<div class=\"elementor-icon-box-icon\">\n\t\t\t\t<a href=\"\/de\/Facebook\/\" target=\"_blank\" class=\"elementor-icon\" tabindex=\"-1\" aria-label=\"Facebook\">\n\t\t\t\t<svg aria-hidden=\"true\" class=\"e-font-icon-svg e-fab-facebook-f\" viewbox=\"0 0 320 512\" xmlns=\"http:\/\/www.w3.org\/2000\/svg\"><path d=\"M279.14 288l14.22-92.66h-88.91v-60.13c0-25.35 12.42-50.06 52.24-50.06h40.42V6.26S260.43 0 225.36 0c-73.22 0-121.08 44.38-121.08 124.72v70.62H22.89V288h81.39v224h100.17V288z\"><\/path><\/svg>\t\t\t\t<\/a>\n\t\t\t<\/div>\n\t\t\t\n\t\t\t\t\t\t<div class=\"elementor-icon-box-content\">\n\n\t\t\t\t\t\t\t\t\t<h3 class=\"elementor-icon-box-title\">\n\t\t\t\t\t\t<a href=\"\/de\/Facebook\/\" target=\"_blank\" >\n\t\t\t\t\t\t\tFacebook\t\t\t\t\t\t<\/a>\n\t\t\t\t\t<\/h3>\n\t\t\t\t\n\t\t\t\t\n\t\t\t<\/div>\n\t\t\t\n\t\t<\/div>\n\t\t\t\t\t\t<\/div>\n\t\t\t\t<\/div>\n\t\t\t\t<\/div>\n\t\t<div class=\"elementor-element elementor-element-efd868c e-con-full e-flex e-con e-child\" data-id=\"efd868c\" data-element_type=\"container\">\n\t\t\t\t<div class=\"elementor-element elementor-element-021dc5c elementor-view-framed elementor-widget-mobile__width-initial elementor-shape-circle elementor-position-block-start elementor-mobile-position-block-start elementor-widget elementor-widget-icon-box\" data-id=\"021dc5c\" data-element_type=\"widget\" data-widget_type=\"icon-box.default\">\n\t\t\t\t<div class=\"elementor-widget-container\">\n\t\t\t\t\t\t\t<div class=\"elementor-icon-box-wrapper\">\n\n\t\t\t\t\t\t<div class=\"elementor-icon-box-icon\">\n\t\t\t\t<a href=\"\/de\/Facebook\/\" target=\"_blank\" class=\"elementor-icon\" tabindex=\"-1\" aria-label=\"+66 65 687 4428\">\n\t\t\t\t<svg aria-hidden=\"true\" class=\"e-font-icon-svg e-fas-mobile-alt\" viewbox=\"0 0 320 512\" xmlns=\"http:\/\/www.w3.org\/2000\/svg\"><path d=\"M272 0H48C21.5 0 0 21.5 0 48v416c0 26.5 21.5 48 48 48h224c26.5 0 48-21.5 48-48V48c0-26.5-21.5-48-48-48zM160 480c-17.7 0-32-14.3-32-32s14.3-32 32-32 32 14.3 32 32-14.3 32-32 32zm112-108c0 6.6-5.4 12-12 12H60c-6.6 0-12-5.4-12-12V60c0-6.6 5.4-12 12-12h200c6.6 0 12 5.4 12 12v312z\"><\/path><\/svg>\t\t\t\t<\/a>\n\t\t\t<\/div>\n\t\t\t\n\t\t\t\t\t\t<div class=\"elementor-icon-box-content\">\n\n\t\t\t\t\t\t\t\t\t<h3 class=\"elementor-icon-box-title\">\n\t\t\t\t\t\t<a href=\"\/de\/Facebook\/\" target=\"_blank\" >\n\t\t\t\t\t\t\t+66 65 687 4428\t\t\t\t\t\t<\/a>\n\t\t\t\t\t<\/h3>\n\t\t\t\t\n\t\t\t\t\n\t\t\t<\/div>\n\t\t\t\n\t\t<\/div>\n\t\t\t\t\t\t<\/div>\n\t\t\t\t<\/div>\n\t\t\t\t<\/div>\n\t\t\t\t\t<\/div>\n\t\t\t\t<\/div>\n\t\t\t\t<section class=\"elementor-section elementor-top-section elementor-element elementor-element-6c7fd24 elementor-section-boxed elementor-section-height-default elementor-section-height-default\" data-id=\"6c7fd24\" data-element_type=\"section\">\n\t\t\t\t\t\t<div class=\"elementor-container elementor-column-gap-default\">\n\t\t\t\t\t<div class=\"aux-parallax-section elementor-column elementor-col-50 elementor-top-column elementor-element elementor-element-442d635\" data-id=\"442d635\" data-element_type=\"column\">\n\t\t\t<div class=\"elementor-widget-wrap elementor-element-populated\">\n\t\t\t\t\t\t<div class=\"elementor-element elementor-element-74b8a6b elementor-widget elementor-widget-text-editor\" data-id=\"74b8a6b\" data-element_type=\"widget\" data-widget_type=\"text-editor.default\">\n\t\t\t\t<div class=\"elementor-widget-container\">\n\t\t\t\t\t\t\t\t\t<div>\u00a0<span style=\"font-weight: 600;\">PLAN VACATION ASIA<\/span><\/div><div>829 Soi Pracha-utid 3 (Visuthinives Yeak 6), Pracha-utid Rd., Huaykwang, Bangkok, 10310, Thailand<\/div>\t\t\t\t\t\t\t\t<\/div>\n\t\t\t\t<\/div>\n\t\t\t\t<div class=\"elementor-element elementor-element-ceb03df elementor-widget elementor-widget-google_maps\" data-id=\"ceb03df\" data-element_type=\"widget\" data-widget_type=\"google_maps.default\">\n\t\t\t\t<div class=\"elementor-widget-container\">\n\t\t\t\t\t\t\t<div class=\"elementor-custom-embed\">\n\t\t\t<iframe loading=\"lazy\"\n\t\t\t\t\tsrc=\"https:\/\/maps.google.com\/maps?q=plan%20vacation%20Asia&#038;t=m&#038;z=20&#038;output=embed&#038;iwloc=near\"\n\t\t\t\t\ttitle=\"plan vacation Asia\"\n\t\t\t\t\taria-label=\"plan vacation Asia\"\n\t\t\t><\/iframe>\n\t\t<\/div>\n\t\t\t\t\t\t<\/div>\n\t\t\t\t<\/div>\n\t\t\t\t\t<\/div>\n\t\t<\/div>\n\t\t\t\t<div class=\"aux-parallax-section elementor-column elementor-col-50 elementor-top-column elementor-element elementor-element-f9c33e8\" data-id=\"f9c33e8\" data-element_type=\"column\">\n\t\t\t<div class=\"elementor-widget-wrap elementor-element-populated\">\n\t\t\t\t\t\t<div class=\"elementor-element elementor-element-7f99989 elementor-widget elementor-widget-aux_modern_heading\" data-id=\"7f99989\" data-element_type=\"widget\" data-widget_type=\"aux_modern_heading.default\">\n\t\t\t\t<div class=\"elementor-widget-container\">\n\t\t\t\t\t<section class=\"aux-widget-modern-heading\">\n            <div class=\"aux-widget-inner\"><h4 class=\"aux-modern-heading-primary\">Schreiben Sie uns eine Nachricht<\/h4><div class=\"aux-modern-heading-divider\"><\/div><\/div>\n        <\/section>\t\t\t\t<\/div>\n\t\t\t\t<\/div>\n\t\t\t\t<div class=\"elementor-element elementor-element-4bf5679 elementor-widget__width-inherit elementor-widget elementor-widget-bdt-wp-forms\" data-id=\"4bf5679\" data-element_type=\"widget\" data-widget_type=\"bdt-wp-forms.default\">\n\t\t\t\t<div class=\"elementor-widget-container\">\n\t\t\t\t\t<style id=\"wpforms-css-vars-5346\">\n\t\t\t\t#wpforms-5346 {\n\t\t\t\t\n\t\t\t}\n\t\t\t<\/style><div class=\"wpforms-container wpforms-container-full wpforms-render-modern\" id=\"wpforms-5346\"><form id=\"wpforms-form-5346\" class=\"wpforms-validate wpforms-form wpforms-ajax-form\" data-formid=\"5346\" method=\"post\" enctype=\"multipart\/form-data\" action=\"\/de\/wp-json\/wp\/v2\/pages\/113\" data-token=\"9a6ec74066900caec4fe2e696dfc9d81\" data-token-time=\"1777374565\" data-trp-original-action=\"\/de\/wp-json\/wp\/v2\/pages\/113\"><noscript class=\"wpforms-error-noscript\">Bitte aktiviere JavaScript in deinem Browser, um dieses Formular fertigzustellen.<\/noscript><div id=\"wpforms-error-noscript\" style=\"display: none;\">Bitte aktiviere JavaScript in deinem Browser, um dieses Formular fertigzustellen.<\/div><div class=\"wpforms-field-container\"><div id=\"wpforms-5346-field_0-container\" class=\"wpforms-field wpforms-field-name\" data-field-id=\"0\"><fieldset><legend class=\"wpforms-field-label\">Name <span class=\"wpforms-required-label\" aria-hidden=\"true\">*<\/span><\/legend><div class=\"wpforms-field-row wpforms-field-large\"><div class=\"wpforms-field-row-block wpforms-first wpforms-one-half\"><input type=\"text\" id=\"wpforms-5346-field_0\" class=\"wpforms-field-name-first wpforms-field-required\" name=\"wpforms[fields][0][first]\" aria-errormessage=\"wpforms-5346-field_0-error\" required><label for=\"wpforms-5346-field_0\" class=\"wpforms-field-sublabel after\">Vorname<\/label><\/div><div class=\"wpforms-field-row-block wpforms-one-half\"><input type=\"text\" id=\"wpforms-5346-field_0-last\" class=\"wpforms-field-name-last wpforms-field-required\" name=\"wpforms[fields][0][last]\" aria-errormessage=\"wpforms-5346-field_0-last-error\" required><label for=\"wpforms-5346-field_0-last\" class=\"wpforms-field-sublabel after\">Nachname<\/label><\/div><\/div><\/fieldset><\/div><div id=\"wpforms-5346-field_16-container\" class=\"wpforms-field wpforms-field-email\" data-field-id=\"16\"><label class=\"wpforms-field-label\" for=\"wpforms-5346-field_16\">E-Mail <span class=\"wpforms-required-label\" aria-hidden=\"true\">*<\/span><\/label><input type=\"email\" id=\"wpforms-5346-field_16\" class=\"wpforms-field-large wpforms-field-required\" name=\"wpforms[fields][16]\" spellcheck=\"false\" aria-errormessage=\"wpforms-5346-field_16-error\" required><\/div><div id=\"wpforms-5346-field_5-container\" class=\"wpforms-field wpforms-field-text\" data-field-id=\"5\"><label class=\"wpforms-field-label\" for=\"wpforms-5346-field_5\">Betreff <span class=\"wpforms-required-label\" aria-hidden=\"true\">*<\/span><\/label><input type=\"text\" id=\"wpforms-5346-field_5\" class=\"wpforms-field-large wpforms-field-required\" name=\"wpforms[fields][5]\" aria-errormessage=\"wpforms-5346-field_5-error\" required><\/div><div id=\"wpforms-5346-field_2-container\" class=\"wpforms-field wpforms-field-textarea width100\" data-field-id=\"2\"><label class=\"wpforms-field-label\" for=\"wpforms-5346-field_2\">Nachricht: <span class=\"wpforms-required-label\" aria-hidden=\"true\">*<\/span><\/label><textarea id=\"wpforms-5346-field_2\" class=\"wpforms-field-medium wpforms-field-required\" name=\"wpforms[fields][2]\" aria-errormessage=\"wpforms-5346-field_2-error\" required><\/textarea><\/div><\/div><!-- .wpforms-field-container --><div class=\"wpforms-recaptcha-container wpforms-is-recaptcha wpforms-is-recaptcha-type-v2\" ><div class=\"g-recaptcha\" data-sitekey=\"6LfG8CAmAAAAAKhR5dx9dpGGeMbgp2k8ZkYQB9WM\"><\/div><input type=\"text\" name=\"g-recaptcha-hidden\" class=\"wpforms-recaptcha-hidden\" style=\"position:absolute!important;clip:rect(0,0,0,0)!important;height:1px!important;width:1px!important;border:0!important;overflow:hidden!important;padding:0!important;margin:0!important;\" data-rule-recaptcha=\"1\"><\/div><div class=\"wpforms-submit-container\" ><input type=\"hidden\" name=\"wpforms[id]\" value=\"5346\"><input type=\"hidden\" name=\"page_title\" value=\"\"><input type=\"hidden\" name=\"page_url\" value=\"https:\/\/www.planvacation.asia\/de\/wp-json\/wp\/v2\/pages\/113\"><input type=\"hidden\" name=\"url_referer\" value=\"\"><button type=\"submit\" name=\"wpforms[submit]\" id=\"wpforms-submit-5346\" class=\"wpforms-submit\" data-alt-text=\"Sending...\" data-submit-text=\"Submit\" aria-live=\"assertive\" value=\"wpforms-submit\">Absenden<\/button><img decoding=\"async\" src=\"https:\/\/www.planvacation.asia\/wp-content\/plugins\/wpforms-lite\/assets\/images\/submit-spin.svg\" class=\"wpforms-submit-spinner\" style=\"display: none;\" width=\"26\" height=\"26\" alt=\"Wird geladen\"><\/div><input type=\"hidden\" name=\"trp-form-language\" value=\"de\"\/><\/form><\/div>  <!-- .wpforms-container -->\t\t\t\t<\/div>\n\t\t\t\t<\/div>\n\t\t\t\t\t<\/div>\n\t\t<\/div>\n\t\t\t\t\t<\/div>\n\t\t<\/section>\n\t\t\t\t<\/div>","protected":false},"excerpt":{"rendered":"<p>\ud83d\udccd Kontaktieren Sie uns Bitte kontaktieren Sie uns, wenn Sie besondere W\u00fcnsche oder Fragen haben.Sie k\u00f6nnen auch das Formular ausf\u00fcllen, um uns Ihre Kommentare oder Ihr Feedback mitzuteilen. Chat on Whatsapp info.pvathailand@gmail.com Facebook +66 65 687 4428 \u00a0PLAN VACATION ASIA829 Soi Pracha-utid 3 (Visuthinives Yeak 6), Pracha-utid Rd., Huaykwang, Bangkok, 10310, Thailand Send us a [&hellip;]<\/p>","protected":false},"author":1,"featured_media":0,"parent":0,"menu_order":0,"comment_status":"closed","ping_status":"closed","template":"","meta":{"footnotes":""},"categories":[],"pages_tags":[],"class_list":["post-113","page","type-page","status-publish","hentry"],"yoast_head":"<!-- This site is optimized with the Yoast SEO plugin v26.6 - https:\/\/yoast.com\/wordpress\/plugins\/seo\/ -->\n<title>Contact us - Plan for Tour Sure for Trip<\/title>\n<meta name=\"robots\" content=\"index, follow, max-snippet:-1, max-image-preview:large, max-video-preview:-1\" \/>\n<link rel=\"canonical\" href=\"https:\/\/www.planvacation.asia\/de\/contact-us\/\" \/>\n<meta property=\"og:locale\" content=\"de_DE\" \/>\n<meta property=\"og:type\" content=\"article\" \/>\n<meta property=\"og:title\" content=\"Contact us - Plan for Tour Sure for Trip\" \/>\n<meta property=\"og:description\" content=\"\ud83d\udccd Kontaktieren Sie uns Bitte kontaktieren Sie uns, wenn Sie besondere W\u00fcnsche oder Fragen haben.Sie k\u00f6nnen auch das Formular ausf\u00fcllen, um uns Ihre Kommentare oder Ihr Feedback mitzuteilen. Chat on Whatsapp info.pvathailand@gmail.com Facebook +66 65 687 4428 \u00a0PLAN VACATION ASIA829 Soi Pracha-utid 3 (Visuthinives Yeak 6), Pracha-utid Rd., Huaykwang, Bangkok, 10310, Thailand Send us a [&hellip;]\" \/>\n<meta property=\"og:url\" content=\"https:\/\/www.planvacation.asia\/de\/contact-us\/\" \/>\n<meta property=\"og:site_name\" content=\"Plan for Tour Sure for Trip\" \/>\n<meta property=\"article:publisher\" content=\"https:\/\/www.facebook.com\/pva.thailand\/\" \/>\n<meta property=\"article:modified_time\" content=\"2025-09-04T16:24:57+00:00\" \/>\n<meta name=\"twitter:card\" content=\"summary_large_image\" \/>\n<meta name=\"twitter:label1\" content=\"Gesch\u00e4tzte Lesezeit\" \/>\n\t<meta name=\"twitter:data1\" content=\"1\u00a0Minute\" \/>\n<script type=\"application\/ld+json\" class=\"yoast-schema-graph\">{\"@context\":\"https:\/\/schema.org\",\"@graph\":[{\"@type\":\"WebPage\",\"@id\":\"https:\/\/www.planvacation.asia\/contact-us\/\",\"url\":\"https:\/\/www.planvacation.asia\/contact-us\/\",\"name\":\"Contact us - Plan for Tour Sure for Trip\",\"isPartOf\":{\"@id\":\"https:\/\/www.planvacation.asia\/#website\"},\"datePublished\":\"2024-10-13T16:27:09+00:00\",\"dateModified\":\"2025-09-04T16:24:57+00:00\",\"breadcrumb\":{\"@id\":\"https:\/\/www.planvacation.asia\/contact-us\/#breadcrumb\"},\"inLanguage\":\"de\",\"potentialAction\":[{\"@type\":\"ReadAction\",\"target\":[\"https:\/\/www.planvacation.asia\/contact-us\/\"]}]},{\"@type\":\"BreadcrumbList\",\"@id\":\"https:\/\/www.planvacation.asia\/contact-us\/#breadcrumb\",\"itemListElement\":[{\"@type\":\"ListItem\",\"position\":1,\"name\":\"Home\",\"item\":\"https:\/\/www.planvacation.asia\/\"},{\"@type\":\"ListItem\",\"position\":2,\"name\":\"Contact us\"}]},{\"@type\":\"WebSite\",\"@id\":\"https:\/\/www.planvacation.asia\/#website\",\"url\":\"https:\/\/www.planvacation.asia\/\",\"name\":\"Plan for Tour Sure for Trip\",\"description\":\"Book the trip when you are satisfied.\",\"publisher\":{\"@id\":\"https:\/\/www.planvacation.asia\/#organization\"},\"potentialAction\":[{\"@type\":\"SearchAction\",\"target\":{\"@type\":\"EntryPoint\",\"urlTemplate\":\"https:\/\/www.planvacation.asia\/?s={search_term_string}\"},\"query-input\":{\"@type\":\"PropertyValueSpecification\",\"valueRequired\":true,\"valueName\":\"search_term_string\"}}],\"inLanguage\":\"de\"},{\"@type\":\"Organization\",\"@id\":\"https:\/\/www.planvacation.asia\/#organization\",\"name\":\"Plan Vacation Asia\",\"url\":\"https:\/\/www.planvacation.asia\/\",\"logo\":{\"@type\":\"ImageObject\",\"inLanguage\":\"de\",\"@id\":\"https:\/\/www.planvacation.asia\/#\/schema\/logo\/image\/\",\"url\":\"https:\/\/www.planvacation.asia\/wp-content\/uploads\/2017\/05\/logo-circle-smallest.png\",\"contentUrl\":\"https:\/\/www.planvacation.asia\/wp-content\/uploads\/2017\/05\/logo-circle-smallest.png\",\"width\":150,\"height\":150,\"caption\":\"Plan Vacation Asia\"},\"image\":{\"@id\":\"https:\/\/www.planvacation.asia\/#\/schema\/logo\/image\/\"},\"sameAs\":[\"https:\/\/www.facebook.com\/pva.thailand\/\"]}]}<\/script>\n<!-- \/ Yoast SEO plugin. -->","yoast_head_json":{"title":"Contact us - Plan for Tour Sure for Trip","robots":{"index":"index","follow":"follow","max-snippet":"max-snippet:-1","max-image-preview":"max-image-preview:large","max-video-preview":"max-video-preview:-1"},"canonical":"https:\/\/www.planvacation.asia\/de\/contact-us\/","og_locale":"de_DE","og_type":"article","og_title":"Contact us - Plan for Tour Sure for Trip","og_description":"\ud83d\udccd Kontaktieren Sie uns Bitte kontaktieren Sie uns, wenn Sie besondere W\u00fcnsche oder Fragen haben.Sie k\u00f6nnen auch das Formular ausf\u00fcllen, um uns Ihre Kommentare oder Ihr Feedback mitzuteilen. Chat on Whatsapp info.pvathailand@gmail.com Facebook +66 65 687 4428 \u00a0PLAN VACATION ASIA829 Soi Pracha-utid 3 (Visuthinives Yeak 6), Pracha-utid Rd., Huaykwang, Bangkok, 10310, Thailand Send us a [&hellip;]","og_url":"https:\/\/www.planvacation.asia\/de\/contact-us\/","og_site_name":"Plan for Tour Sure for Trip","article_publisher":"https:\/\/www.facebook.com\/pva.thailand\/","article_modified_time":"2025-09-04T16:24:57+00:00","twitter_card":"summary_large_image","twitter_misc":{"Gesch\u00e4tzte Lesezeit":"1\u00a0Minute"},"schema":{"@context":"https:\/\/schema.org","@graph":[{"@type":"WebPage","@id":"https:\/\/www.planvacation.asia\/contact-us\/","url":"https:\/\/www.planvacation.asia\/contact-us\/","name":"Contact us - Plan for Tour Sure for Trip","isPartOf":{"@id":"https:\/\/www.planvacation.asia\/#website"},"datePublished":"2024-10-13T16:27:09+00:00","dateModified":"2025-09-04T16:24:57+00:00","breadcrumb":{"@id":"https:\/\/www.planvacation.asia\/contact-us\/#breadcrumb"},"inLanguage":"de","potentialAction":[{"@type":"ReadAction","target":["https:\/\/www.planvacation.asia\/contact-us\/"]}]},{"@type":"BreadcrumbList","@id":"https:\/\/www.planvacation.asia\/contact-us\/#breadcrumb","itemListElement":[{"@type":"ListItem","position":1,"name":"Home","item":"https:\/\/www.planvacation.asia\/"},{"@type":"ListItem","position":2,"name":"Contact us"}]},{"@type":"WebSite","@id":"https:\/\/www.planvacation.asia\/#website","url":"https:\/\/www.planvacation.asia\/","name":"Reiseplanung mit Sicherheit und Erlebnis","description":"Buchen Sie die Reise, wenn Sie zufrieden sind","publisher":{"@id":"https:\/\/www.planvacation.asia\/#organization"},"potentialAction":[{"@type":"SearchAction","target":{"@type":"EntryPoint","urlTemplate":"https:\/\/www.planvacation.asia\/?s={search_term_string}"},"query-input":{"@type":"PropertyValueSpecification","valueRequired":true,"valueName":"search_term_string"}}],"inLanguage":"de"},{"@type":"Organization","@id":"https:\/\/www.planvacation.asia\/#organization","name":"Plan Vacation Asia","url":"https:\/\/www.planvacation.asia\/","logo":{"@type":"ImageObject","inLanguage":"de","@id":"https:\/\/www.planvacation.asia\/#\/schema\/logo\/image\/","url":"https:\/\/www.planvacation.asia\/wp-content\/uploads\/2017\/05\/logo-circle-smallest.png","contentUrl":"https:\/\/www.planvacation.asia\/wp-content\/uploads\/2017\/05\/logo-circle-smallest.png","width":150,"height":150,"caption":"Plan Vacation Asia"},"image":{"@id":"https:\/\/www.planvacation.asia\/#\/schema\/logo\/image\/"},"sameAs":["https:\/\/www.facebook.com\/pva.thailand\/"]}]}},"_links":{"self":[{"href":"https:\/\/www.planvacation.asia\/de\/wp-json\/wp\/v2\/pages\/113","targetHints":{"allow":["GET"]}}],"collection":[{"href":"https:\/\/www.planvacation.asia\/de\/wp-json\/wp\/v2\/pages"}],"about":[{"href":"https:\/\/www.planvacation.asia\/de\/wp-json\/wp\/v2\/types\/page"}],"author":[{"embeddable":true,"href":"https:\/\/www.planvacation.asia\/de\/wp-json\/wp\/v2\/users\/1"}],"replies":[{"embeddable":true,"href":"https:\/\/www.planvacation.asia\/de\/wp-json\/wp\/v2\/comments?post=113"}],"version-history":[{"count":20,"href":"https:\/\/www.planvacation.asia\/de\/wp-json\/wp\/v2\/pages\/113\/revisions"}],"predecessor-version":[{"id":7433,"href":"https:\/\/www.planvacation.asia\/de\/wp-json\/wp\/v2\/pages\/113\/revisions\/7433"}],"wp:attachment":[{"href":"https:\/\/www.planvacation.asia\/de\/wp-json\/wp\/v2\/media?parent=113"}],"wp:term":[{"taxonomy":"category","embeddable":true,"href":"https:\/\/www.planvacation.asia\/de\/wp-json\/wp\/v2\/categories?post=113"},{"taxonomy":"pages_tags","embeddable":true,"href":"https:\/\/www.planvacation.asia\/de\/wp-json\/wp\/v2\/pages_tags?post=113"}],"curies":[{"name":"wp","href":"https:\/\/api.w.org\/{rel}","templated":true}]}}