{"id":2,"date":"2025-02-22T23:03:39","date_gmt":"2025-02-22T16:03:39","guid":{"rendered":"http:\/\/www.planvacation.asia\/?page_id=2"},"modified":"2025-09-13T16:34:40","modified_gmt":"2025-09-13T09:34:40","slug":"about","status":"publish","type":"page","link":"https:\/\/www.planvacation.asia\/de\/about\/","title":{"rendered":"\u00dcber uns"},"content":{"rendered":"<div data-elementor-type=\"wp-page\" data-elementor-id=\"2\" class=\"elementor elementor-2\">\n\t\t\t\t<div class=\"aux-parallax-section elementor-element elementor-element-d1b501d e-flex e-con-boxed e-con e-parent\" data-id=\"d1b501d\" data-element_type=\"container\">\n\t\t\t\t\t<div class=\"e-con-inner\">\n\t\t\t\t<div class=\"elementor-element elementor-element-0140abc elementor-widget elementor-widget-heading\" data-id=\"0140abc\" data-element_type=\"widget\" data-widget_type=\"heading.default\">\n\t\t\t\t<div class=\"elementor-widget-container\">\n\t\t\t\t\t<h2 class=\"elementor-heading-title elementor-size-default\">Plan Vacation Asia<\/h2>\t\t\t\t<\/div>\n\t\t\t\t<\/div>\n\t\t\t\t<div class=\"elementor-element elementor-element-eb2ed5e elementor-widget elementor-widget-text-editor\" data-id=\"eb2ed5e\" data-element_type=\"widget\" data-widget_type=\"text-editor.default\">\n\t\t\t\t<div class=\"elementor-widget-container\">\n\t\t\t\t\t\t\t\t\t<h3><span style=\"color: #0000ff;\"><strong>Unsere Geschichte \u2013 Mehr als nur Reisen<\/strong><\/span><\/h3><p>Seit mehr als zwei Jahrzehnten in der Reisebranche haben wir gelernt, dass eine bedeutungsvolle Reise nicht nur darin besteht, ein Ziel zu erreichen \u2013 sondern neue Perspektiven zu entdecken, echte Verbindungen zu kn\u00fcpfen und verwandelt nach Hause zur\u00fcckzukehren.<\/p><p><span style=\"color: #0000ff;\"><strong>Plan Vacation Asia<\/strong> <\/span>Gegr\u00fcndet wurde das Unternehmen 2005 unter dem Namen Taipan Reise Center (Thailand) Co., Ltd. Unser Gr\u00fcnder begann in den 1990er-Jahren als Reiseleiter f\u00fcr den europ\u00e4ischen Markt und sammelte dabei unmittelbare Erfahrungen mit den Bed\u00fcrfnissen und Erwartungen internationaler Reisender. Diese Wurzeln pr\u00e4gen unsere Arbeit bis heute: Bedeutungsvolles Reisen beginnt mit Verst\u00e4ndnis.<\/p><p>Von Anfang an war unsere Mission klar: personalisierte und eindringliche Reiseprogramme zu gestalten \u2013 f\u00fcr Paare, Familien, Freunde und neugierige Entdecker, die Asien auf einer tieferen Ebene erleben m\u00f6chten<\/p><p><span style=\"color: #0000ff;\"><strong>Wer wir sind<\/strong><\/span><\/p><p>Wir sind mehr als nur ein Unternehmen \u2013 wir sind Gastgeber in unserer eigenen Heimat.<br \/>Unser Team ist eigengewachsen und packt selbst mit an: Wir sind die Inhaber, die Planer und manchmal sogar Ihre Reiseleiter. Deshalb wissen wir, dass jedes Detail z\u00e4hlt \u2013 von gut gewarteten Fahrzeugen und handverlesenen Hotels, die wir pers\u00f6nlich gepr\u00fcft haben, bis hin zu Reiseleitern, die nicht nur lizenziert, sondern auch kulturell versiert sind.<\/p><p><strong><span style=\"color: #0000ff;\">Unsere Arbeitsweise<\/span><\/strong><\/p><p>Pers\u00f6nliche Gastfreundschaft \u2013 unsere G\u00e4ste werden wie Freunde der Familie empfangen.<\/p><p>Authentische Begegnungen \u2013 kochen Sie mit uns in unserer eigenen K\u00fcche, begleiten Sie lokale Bauern oder entdecken Sie verborgene Tempel gemeinsam mit den Menschen vor Ort.<\/p><p>Vertrauensw\u00fcrdige Expertise \u2013 mit \u00fcber 30 Jahren Erfahrung als Reiseleiter gestalten wir jedes Programm mit Sorgfalt, Weitblick und Respekt gegen\u00fcber Kultur und Gemeinschaft.<\/p><p><strong><span style=\"color: #0000ff;\">Wachstum und Vision<\/span><\/strong><\/p><p>Im Laufe der Jahre hat Plan Vacation Asia sein Angebot \u00fcber Thailand hinaus auf die Nachbarl\u00e4nder in S\u00fcdostasien ausgeweitet. Wir erkunden regelm\u00e4\u00dfig neue Reiseziele, pr\u00fcfen Hotels und testen Routen, um sicherzustellen, dass wir nur die authentischsten und angenehmsten Erlebnisse anbieten.<\/p><p>Heute sind wir stolz darauf, unsere Pr\u00e4senz im MICE-Sektor (Meetings, Incentives, Conferences und Exhibitions) auszubauen \u2013 in Zusammenarbeit mit TEATA (Thai Ecotourism and Adventure Travel Association) und dem TCEB (Thailand Convention and Exhibition Bureau). Gemeinsam gestalten wir neue Reiseformate, die Nachhaltigkeit, kulturellen Reichtum und Inspiration vereinen \u2013 f\u00fcr kleine Gruppen ebenso wie f\u00fcr Gesch\u00e4ftskunden.<\/p><p><span style=\"color: #0000ff;\"><strong>Unser Versprechen<\/strong><\/span><\/p><p>Wir sind vielleicht nicht das g\u00fcnstigste Reiseunternehmen \u2013 doch das war niemals unser Ziel. Was wir anbieten, ist Qualit\u00e4t, Authentizit\u00e4t und wirklich pers\u00f6nliche Erlebnisse.<\/p><p>Bei Plan Vacation Asia organisieren wir nicht einfach nur Reisen \u2013 wir \u00f6ffnen unser Leben und laden Sie ein, ein Teil davon zu sein.<\/p><p><strong><span style=\"color: #0000ff;\">Plan Vacation Asia \u2013 Reisen Sie mit Gastgebern, nicht nur mit Reiseleitern.<\/span><\/strong><\/p>\t\t\t\t\t\t\t\t<\/div>\n\t\t\t\t<\/div>\n\t\t\t\t\t<\/div>\n\t\t\t\t<\/div>\n\t\t<div class=\"aux-parallax-section elementor-element elementor-element-6636774 e-flex e-con-boxed e-con e-parent\" data-id=\"6636774\" data-element_type=\"container\">\n\t\t\t\t\t<div class=\"e-con-inner\">\n\t\t\t\t<div class=\"elementor-element elementor-element-6129b1d elementor-widget elementor-widget-image\" data-id=\"6129b1d\" data-element_type=\"widget\" data-widget_type=\"image.default\">\n\t\t\t\t<div class=\"elementor-widget-container\">\n\t\t\t\t\t\t\t\t\t\t\t\t\t\t\t<img fetchpriority=\"high\" decoding=\"async\" width=\"1024\" height=\"1024\" src=\"https:\/\/www.planvacation.asia\/wp-content\/uploads\/2025\/07\/483858135_1049335617233992_5742967890675591517_n-1024x1024.jpg\" class=\"attachment-large size-large wp-image-7417\" alt=\"\u0e23\u0e32\u0e07\u0e27\u0e31\u0e25\u0e01\u0e34\u0e19\u0e19\u0e23\u0e35\" srcset=\"https:\/\/www.planvacation.asia\/wp-content\/uploads\/2025\/07\/483858135_1049335617233992_5742967890675591517_n-1024x1024.jpg 1024w, https:\/\/www.planvacation.asia\/wp-content\/uploads\/2025\/07\/483858135_1049335617233992_5742967890675591517_n-300x300.jpg 300w, https:\/\/www.planvacation.asia\/wp-content\/uploads\/2025\/07\/483858135_1049335617233992_5742967890675591517_n-150x150.jpg 150w, https:\/\/www.planvacation.asia\/wp-content\/uploads\/2025\/07\/483858135_1049335617233992_5742967890675591517_n-768x768.jpg 768w, https:\/\/www.planvacation.asia\/wp-content\/uploads\/2025\/07\/483858135_1049335617233992_5742967890675591517_n-100x100.jpg 100w\" sizes=\"(max-width: 1024px) 100vw, 1024px\" \/>\t\t\t\t\t\t\t\t\t\t\t\t\t\t\t<\/div>\n\t\t\t\t<\/div>\n\t\t\t\t\t<\/div>\n\t\t\t\t<\/div>\n\t\t<div class=\"aux-parallax-section elementor-element elementor-element-9798aff e-flex e-con-boxed e-con e-parent\" data-id=\"9798aff\" data-element_type=\"container\">\n\t\t\t\t\t<div class=\"e-con-inner\">\n\t\t\t\t<div class=\"elementor-element elementor-element-e5193bc elementor-widget elementor-widget-text-editor\" data-id=\"e5193bc\" data-element_type=\"widget\" data-widget_type=\"text-editor.default\">\n\t\t\t\t<div class=\"elementor-widget-container\">\n\t\t\t\t\t\t\t\t\t<p style=\"font-size: 1em; text-align: center; color: #2f3e9e; font-weight: 600; border-bottom: 1px solid #e0d8c0; padding-bottom: 10px;\">\n\ud83c\udfc6 <span style=\"color: #2f3e9e;\">Plan Vacation Asia<\/span> proudly received the <br>\n<span style=\"font-size: 1.1em; color: #001f8e;\">14. Thail\u00e4ndischer Tourismuspreis 2023<\/span><br>\nvom <em style=\"color:#666;\">Tourismusbeh\u00f6rde von Thailand<\/em>.\n<\/p>\n\n\t\t\t\t\t\t\t\t<\/div>\n\t\t\t\t<\/div>\n\t\t\t\t\t<\/div>\n\t\t\t\t<\/div>\n\t\t\t\t<\/div>","protected":false},"excerpt":{"rendered":"<p>Plan Vacation Asia Our Story \u2013 More Than Travel For more than two decades in the travel industry, we\u2019ve learned that a meaningful journey isn\u2019t just about reaching a destination \u2013 it\u2019s about discovering new perspectives, making authentic connections, and returning home transformed. Plan Vacation Asia was founded in 2005 under the name Taipan Reise [&hellip;]<\/p>","protected":false},"author":1,"featured_media":0,"parent":0,"menu_order":0,"comment_status":"closed","ping_status":"closed","template":"elementor_theme","meta":{"footnotes":""},"categories":[],"pages_tags":[],"class_list":["post-2","page","type-page","status-publish","hentry"],"yoast_head":"<!-- This site is optimized with the Yoast SEO plugin v26.6 - https:\/\/yoast.com\/wordpress\/plugins\/seo\/ -->\n<title>About Us - Plan for Tour Sure for Trip<\/title>\n<meta name=\"robots\" content=\"index, follow, max-snippet:-1, max-image-preview:large, max-video-preview:-1\" \/>\n<link rel=\"canonical\" href=\"https:\/\/www.planvacation.asia\/de\/about\/\" \/>\n<meta property=\"og:locale\" content=\"de_DE\" \/>\n<meta property=\"og:type\" content=\"article\" \/>\n<meta property=\"og:title\" content=\"About Us - Plan for Tour Sure for Trip\" \/>\n<meta property=\"og:description\" content=\"Plan Vacation Asia Our Story \u2013 More Than Travel For more than two decades in the travel industry, we\u2019ve learned that a meaningful journey isn\u2019t just about reaching a destination \u2013 it\u2019s about discovering new perspectives, making authentic connections, and returning home transformed. Plan Vacation Asia was founded in 2005 under the name Taipan Reise [&hellip;]\" \/>\n<meta property=\"og:url\" content=\"https:\/\/www.planvacation.asia\/de\/about\/\" \/>\n<meta property=\"og:site_name\" content=\"Plan for Tour Sure for Trip\" \/>\n<meta property=\"article:publisher\" content=\"https:\/\/www.facebook.com\/pva.thailand\/\" \/>\n<meta property=\"article:modified_time\" content=\"2025-09-13T09:34:40+00:00\" \/>\n<meta property=\"og:image\" content=\"https:\/\/www.planvacation.asia\/wp-content\/uploads\/2025\/07\/483858135_1049335617233992_5742967890675591517_n.jpg\" \/>\n\t<meta property=\"og:image:width\" content=\"2048\" \/>\n\t<meta property=\"og:image:height\" content=\"1448\" \/>\n\t<meta property=\"og:image:type\" content=\"image\/jpeg\" \/>\n<meta name=\"twitter:card\" content=\"summary_large_image\" \/>\n<meta name=\"twitter:label1\" content=\"Gesch\u00e4tzte Lesezeit\" \/>\n\t<meta name=\"twitter:data1\" content=\"3\u00a0Minuten\" \/>\n<script type=\"application\/ld+json\" class=\"yoast-schema-graph\">{\"@context\":\"https:\/\/schema.org\",\"@graph\":[{\"@type\":\"WebPage\",\"@id\":\"https:\/\/www.planvacation.asia\/about\/\",\"url\":\"https:\/\/www.planvacation.asia\/about\/\",\"name\":\"About Us - Plan for Tour Sure for Trip\",\"isPartOf\":{\"@id\":\"https:\/\/www.planvacation.asia\/#website\"},\"primaryImageOfPage\":{\"@id\":\"https:\/\/www.planvacation.asia\/about\/#primaryimage\"},\"image\":{\"@id\":\"https:\/\/www.planvacation.asia\/about\/#primaryimage\"},\"thumbnailUrl\":\"https:\/\/www.planvacation.asia\/wp-content\/uploads\/2025\/07\/483858135_1049335617233992_5742967890675591517_n-1024x1024.jpg\",\"datePublished\":\"2025-02-22T16:03:39+00:00\",\"dateModified\":\"2025-09-13T09:34:40+00:00\",\"breadcrumb\":{\"@id\":\"https:\/\/www.planvacation.asia\/about\/#breadcrumb\"},\"inLanguage\":\"de\",\"potentialAction\":[{\"@type\":\"ReadAction\",\"target\":[\"https:\/\/www.planvacation.asia\/about\/\"]}]},{\"@type\":\"ImageObject\",\"inLanguage\":\"de\",\"@id\":\"https:\/\/www.planvacation.asia\/about\/#primaryimage\",\"url\":\"https:\/\/www.planvacation.asia\/wp-content\/uploads\/2025\/07\/483858135_1049335617233992_5742967890675591517_n-1024x1024.jpg\",\"contentUrl\":\"https:\/\/www.planvacation.asia\/wp-content\/uploads\/2025\/07\/483858135_1049335617233992_5742967890675591517_n-1024x1024.jpg\"},{\"@type\":\"BreadcrumbList\",\"@id\":\"https:\/\/www.planvacation.asia\/about\/#breadcrumb\",\"itemListElement\":[{\"@type\":\"ListItem\",\"position\":1,\"name\":\"Home\",\"item\":\"https:\/\/www.planvacation.asia\/\"},{\"@type\":\"ListItem\",\"position\":2,\"name\":\"About Us\"}]},{\"@type\":\"WebSite\",\"@id\":\"https:\/\/www.planvacation.asia\/#website\",\"url\":\"https:\/\/www.planvacation.asia\/\",\"name\":\"Plan for Tour Sure for Trip\",\"description\":\"Book the trip when you are satisfied.\",\"publisher\":{\"@id\":\"https:\/\/www.planvacation.asia\/#organization\"},\"potentialAction\":[{\"@type\":\"SearchAction\",\"target\":{\"@type\":\"EntryPoint\",\"urlTemplate\":\"https:\/\/www.planvacation.asia\/?s={search_term_string}\"},\"query-input\":{\"@type\":\"PropertyValueSpecification\",\"valueRequired\":true,\"valueName\":\"search_term_string\"}}],\"inLanguage\":\"de\"},{\"@type\":\"Organization\",\"@id\":\"https:\/\/www.planvacation.asia\/#organization\",\"name\":\"Plan Vacation Asia\",\"url\":\"https:\/\/www.planvacation.asia\/\",\"logo\":{\"@type\":\"ImageObject\",\"inLanguage\":\"de\",\"@id\":\"https:\/\/www.planvacation.asia\/#\/schema\/logo\/image\/\",\"url\":\"https:\/\/www.planvacation.asia\/wp-content\/uploads\/2017\/05\/logo-circle-smallest.png\",\"contentUrl\":\"https:\/\/www.planvacation.asia\/wp-content\/uploads\/2017\/05\/logo-circle-smallest.png\",\"width\":150,\"height\":150,\"caption\":\"Plan Vacation Asia\"},\"image\":{\"@id\":\"https:\/\/www.planvacation.asia\/#\/schema\/logo\/image\/\"},\"sameAs\":[\"https:\/\/www.facebook.com\/pva.thailand\/\"]}]}<\/script>\n<!-- \/ Yoast SEO plugin. -->","yoast_head_json":{"title":"About Us - Plan for Tour Sure for Trip","robots":{"index":"index","follow":"follow","max-snippet":"max-snippet:-1","max-image-preview":"max-image-preview:large","max-video-preview":"max-video-preview:-1"},"canonical":"https:\/\/www.planvacation.asia\/de\/about\/","og_locale":"de_DE","og_type":"article","og_title":"About Us - Plan for Tour Sure for Trip","og_description":"Plan Vacation Asia Our Story \u2013 More Than Travel For more than two decades in the travel industry, we\u2019ve learned that a meaningful journey isn\u2019t just about reaching a destination \u2013 it\u2019s about discovering new perspectives, making authentic connections, and returning home transformed. Plan Vacation Asia was founded in 2005 under the name Taipan Reise [&hellip;]","og_url":"https:\/\/www.planvacation.asia\/de\/about\/","og_site_name":"Plan for Tour Sure for Trip","article_publisher":"https:\/\/www.facebook.com\/pva.thailand\/","article_modified_time":"2025-09-13T09:34:40+00:00","og_image":[{"width":2048,"height":1448,"url":"https:\/\/www.planvacation.asia\/wp-content\/uploads\/2025\/07\/483858135_1049335617233992_5742967890675591517_n.jpg","type":"image\/jpeg"}],"twitter_card":"summary_large_image","twitter_misc":{"Gesch\u00e4tzte Lesezeit":"3\u00a0Minuten"},"schema":{"@context":"https:\/\/schema.org","@graph":[{"@type":"WebPage","@id":"https:\/\/www.planvacation.asia\/about\/","url":"https:\/\/www.planvacation.asia\/about\/","name":"About Us - Plan for Tour Sure for Trip","isPartOf":{"@id":"https:\/\/www.planvacation.asia\/#website"},"primaryImageOfPage":{"@id":"https:\/\/www.planvacation.asia\/about\/#primaryimage"},"image":{"@id":"https:\/\/www.planvacation.asia\/about\/#primaryimage"},"thumbnailUrl":"https:\/\/www.planvacation.asia\/wp-content\/uploads\/2025\/07\/483858135_1049335617233992_5742967890675591517_n-1024x1024.jpg","datePublished":"2025-02-22T16:03:39+00:00","dateModified":"2025-09-13T09:34:40+00:00","breadcrumb":{"@id":"https:\/\/www.planvacation.asia\/about\/#breadcrumb"},"inLanguage":"de","potentialAction":[{"@type":"ReadAction","target":["https:\/\/www.planvacation.asia\/about\/"]}]},{"@type":"ImageObject","inLanguage":"de","@id":"https:\/\/www.planvacation.asia\/about\/#primaryimage","url":"https:\/\/www.planvacation.asia\/wp-content\/uploads\/2025\/07\/483858135_1049335617233992_5742967890675591517_n-1024x1024.jpg","contentUrl":"https:\/\/www.planvacation.asia\/wp-content\/uploads\/2025\/07\/483858135_1049335617233992_5742967890675591517_n-1024x1024.jpg"},{"@type":"BreadcrumbList","@id":"https:\/\/www.planvacation.asia\/about\/#breadcrumb","itemListElement":[{"@type":"ListItem","position":1,"name":"Home","item":"https:\/\/www.planvacation.asia\/"},{"@type":"ListItem","position":2,"name":"About Us"}]},{"@type":"WebSite","@id":"https:\/\/www.planvacation.asia\/#website","url":"https:\/\/www.planvacation.asia\/","name":"Reiseplanung mit Sicherheit und Erlebnis","description":"Buchen Sie die Reise, wenn Sie zufrieden sind","publisher":{"@id":"https:\/\/www.planvacation.asia\/#organization"},"potentialAction":[{"@type":"SearchAction","target":{"@type":"EntryPoint","urlTemplate":"https:\/\/www.planvacation.asia\/?s={search_term_string}"},"query-input":{"@type":"PropertyValueSpecification","valueRequired":true,"valueName":"search_term_string"}}],"inLanguage":"de"},{"@type":"Organization","@id":"https:\/\/www.planvacation.asia\/#organization","name":"Plan Vacation Asia","url":"https:\/\/www.planvacation.asia\/","logo":{"@type":"ImageObject","inLanguage":"de","@id":"https:\/\/www.planvacation.asia\/#\/schema\/logo\/image\/","url":"https:\/\/www.planvacation.asia\/wp-content\/uploads\/2017\/05\/logo-circle-smallest.png","contentUrl":"https:\/\/www.planvacation.asia\/wp-content\/uploads\/2017\/05\/logo-circle-smallest.png","width":150,"height":150,"caption":"Plan Vacation Asia"},"image":{"@id":"https:\/\/www.planvacation.asia\/#\/schema\/logo\/image\/"},"sameAs":["https:\/\/www.facebook.com\/pva.thailand\/"]}]}},"_links":{"self":[{"href":"https:\/\/www.planvacation.asia\/de\/wp-json\/wp\/v2\/pages\/2","targetHints":{"allow":["GET"]}}],"collection":[{"href":"https:\/\/www.planvacation.asia\/de\/wp-json\/wp\/v2\/pages"}],"about":[{"href":"https:\/\/www.planvacation.asia\/de\/wp-json\/wp\/v2\/types\/page"}],"author":[{"embeddable":true,"href":"https:\/\/www.planvacation.asia\/de\/wp-json\/wp\/v2\/users\/1"}],"replies":[{"embeddable":true,"href":"https:\/\/www.planvacation.asia\/de\/wp-json\/wp\/v2\/comments?post=2"}],"version-history":[{"count":30,"href":"https:\/\/www.planvacation.asia\/de\/wp-json\/wp\/v2\/pages\/2\/revisions"}],"predecessor-version":[{"id":7731,"href":"https:\/\/www.planvacation.asia\/de\/wp-json\/wp\/v2\/pages\/2\/revisions\/7731"}],"wp:attachment":[{"href":"https:\/\/www.planvacation.asia\/de\/wp-json\/wp\/v2\/media?parent=2"}],"wp:term":[{"taxonomy":"category","embeddable":true,"href":"https:\/\/www.planvacation.asia\/de\/wp-json\/wp\/v2\/categories?post=2"},{"taxonomy":"pages_tags","embeddable":true,"href":"https:\/\/www.planvacation.asia\/de\/wp-json\/wp\/v2\/pages_tags?post=2"}],"curies":[{"name":"wp","href":"https:\/\/api.w.org\/{rel}","templated":true}]}}