{"id":7397,"date":"2025-07-16T22:56:29","date_gmt":"2025-07-16T15:56:29","guid":{"rendered":"https:\/\/www.planvacation.asia\/?page_id=7397"},"modified":"2025-07-16T22:58:22","modified_gmt":"2025-07-16T15:58:22","slug":"ueber-uns","status":"publish","type":"page","link":"https:\/\/www.planvacation.asia\/de\/ueber-uns\/","title":{"rendered":"\u00dcber uns"},"content":{"rendered":"<div data-elementor-type=\"wp-page\" data-elementor-id=\"7397\" class=\"elementor elementor-7397\">\n\t\t\t\t<div class=\"aux-parallax-section elementor-element elementor-element-d1b501d e-flex e-con-boxed e-con e-parent\" data-id=\"d1b501d\" data-element_type=\"container\">\n\t\t\t\t\t<div class=\"e-con-inner\">\n\t\t\t\t<div class=\"elementor-element elementor-element-0140abc elementor-widget elementor-widget-heading\" data-id=\"0140abc\" data-element_type=\"widget\" data-widget_type=\"heading.default\">\n\t\t\t\t<div class=\"elementor-widget-container\">\n\t\t\t\t\t<h2 class=\"elementor-heading-title elementor-size-default\">Plan Vacation Asia<\/h2>\t\t\t\t<\/div>\n\t\t\t\t<\/div>\n\t\t\t\t<div class=\"elementor-element elementor-element-eb2ed5e elementor-widget elementor-widget-text-editor\" data-id=\"eb2ed5e\" data-element_type=\"widget\" data-widget_type=\"text-editor.default\">\n\t\t\t\t<div class=\"elementor-widget-container\">\n\t\t\t\t\t\t\t\t\t<p>Seit der Gr\u00fcndung des Unternehmens im Jahr 2005 unter dem Namen &#8220;<span style=\"color: #0000ff;\"><strong>Taipan Reise Center (Thailand) Co<\/strong><\/span>., Ltd.&#8221; war es stets unser Anliegen, individuelle und ma\u00dfgeschneiderte Programme zu gestalten, damit unsere G\u00e4ste Asien von seiner sch\u00f6nsten Seite erleben k\u00f6nnen.<\/p><p>Der Mehrheitsgesellschafter und Gr\u00fcnder des Unternehmens begann bereits in den 90er Jahren als Reiseleiter, haupts\u00e4chlich f\u00fcr den europ\u00e4ischen Markt. Aus dieser Zeit konnten wir wertvolle Erfahrungen \u00fcber die Bed\u00fcrfnisse und Vorlieben von G\u00e4sten unterschiedlichster Nationalit\u00e4ten sammeln. Genau diese Erfahrungen bildeten den idealen Grundstein f\u00fcr die neue Agentur.<\/p><p>Im Fr\u00fchjahr 2005 wurden die ersten Rundreiseprogramme entwickelt, Reiseleiter eingestellt, Fahrzeuge gekauft und Vertr\u00e4ge mit den ben\u00f6tigten Hotels abgeschlossen. Bereits im Herbst desselben Jahres war die Agentur vollst\u00e4ndig operativ \u2013 und bis heute wird unser Portfolio laufend erweitert und aktualisiert.<\/p><p>Seit einigen Jahren tritt unsere Marke &#8220;Plan Vacation Asia&#8221; zunehmend auf dem internationalen Reisemarkt in Erscheinung. Zudem haben wir begonnen, Reisen au\u00dferhalb Thailands und in Kombination mit Nachbarl\u00e4ndern anzubieten. Fast das ganze Jahr \u00fcber sind wir selbst in Thailand und den angrenzenden L\u00e4ndern unterwegs, um neue Programme zu testen, Hotels zu besichtigen und die besten Routen f\u00fcr unsere gesch\u00e4tzten Kunden zu finden.<\/p><p>Unser Ziel ist es nicht, die g\u00fcnstigste Agentur zu sein \u2013 und auch vom Massentourismus halten wir bewusst Abstand. Kleine Gruppen oder private Rundreisen, gute Fahrzeuge, lizenzierte Reiseleiter, ausgew\u00e4hlte Hotels und ein hoher Informationsgehalt sollen die Entscheidungskriterien f\u00fcr eine Reise mit <span style=\"color: #0000ff;\"><strong>Plan Vacation Asia Co., Ltd.<\/strong> <\/span>sein.<\/p>\t\t\t\t\t\t\t\t<\/div>\n\t\t\t\t<\/div>\n\t\t\t\t\t<\/div>\n\t\t\t\t<\/div>\n\t\t<div class=\"aux-parallax-section elementor-element elementor-element-e1034f6 e-flex e-con-boxed e-con e-parent\" data-id=\"e1034f6\" data-element_type=\"container\">\n\t\t\t\t\t<div class=\"e-con-inner\">\n\t\t<div class=\"elementor-element elementor-element-80e501f e-con-full e-flex e-con e-child\" data-id=\"80e501f\" data-element_type=\"container\">\n\t\t\t\t<div class=\"elementor-element elementor-element-1f9d1a9 elementor-widget elementor-widget-image\" data-id=\"1f9d1a9\" data-element_type=\"widget\" data-widget_type=\"image.default\">\n\t\t\t\t<div class=\"elementor-widget-container\">\n\t\t\t\t\t\t\t\t\t\t\t\t\t\t\t<img decoding=\"async\" width=\"150\" height=\"150\" src=\"https:\/\/www.planvacation.asia\/wp-content\/uploads\/2016\/02\/14678110_10206960647604530_1297621220_o-150x150.jpg\" class=\"attachment-thumbnail size-thumbnail wp-image-122\" alt=\"\" srcset=\"https:\/\/www.planvacation.asia\/wp-content\/uploads\/2016\/02\/14678110_10206960647604530_1297621220_o-150x150.jpg 150w, https:\/\/www.planvacation.asia\/wp-content\/uploads\/2016\/02\/14678110_10206960647604530_1297621220_o-e1476965394540-100x100.jpg 100w\" sizes=\"(max-width: 150px) 100vw, 150px\" \/>\t\t\t\t\t\t\t\t\t\t\t\t\t\t\t<\/div>\n\t\t\t\t<\/div>\n\t\t\t\t<\/div>\n\t\t<div class=\"elementor-element elementor-element-cf38735 e-con-full e-flex e-con e-child\" data-id=\"cf38735\" data-element_type=\"container\">\n\t\t\t\t<div class=\"elementor-element elementor-element-950278f elementor-widget elementor-widget-image\" data-id=\"950278f\" data-element_type=\"widget\" data-widget_type=\"image.default\">\n\t\t\t\t<div class=\"elementor-widget-container\">\n\t\t\t\t\t\t\t\t\t\t\t\t\t\t\t<img decoding=\"async\" width=\"150\" height=\"150\" src=\"https:\/\/www.planvacation.asia\/wp-content\/uploads\/2016\/02\/14632737_10206960647324523_167630591_o-150x150.jpg\" class=\"attachment-thumbnail size-thumbnail wp-image-121\" alt=\"\" srcset=\"https:\/\/www.planvacation.asia\/wp-content\/uploads\/2016\/02\/14632737_10206960647324523_167630591_o-150x150.jpg 150w, https:\/\/www.planvacation.asia\/wp-content\/uploads\/2016\/02\/14632737_10206960647324523_167630591_o-e1476965185791-100x100.jpg 100w\" sizes=\"(max-width: 150px) 100vw, 150px\" \/>\t\t\t\t\t\t\t\t\t\t\t\t\t\t\t<\/div>\n\t\t\t\t<\/div>\n\t\t\t\t<\/div>\n\t\t<div class=\"elementor-element elementor-element-d81c4b2 e-con-full e-flex e-con e-child\" data-id=\"d81c4b2\" data-element_type=\"container\">\n\t\t\t\t<div class=\"elementor-element elementor-element-9475e1b elementor-widget elementor-widget-image\" data-id=\"9475e1b\" data-element_type=\"widget\" data-widget_type=\"image.default\">\n\t\t\t\t<div class=\"elementor-widget-container\">\n\t\t\t\t\t\t\t\t\t\t\t\t\t\t\t<img decoding=\"async\" width=\"150\" height=\"150\" src=\"https:\/\/www.planvacation.asia\/wp-content\/uploads\/2016\/02\/14697170_10206960647964539_1448738463_o-150x150.jpg\" class=\"attachment-thumbnail size-thumbnail wp-image-123\" alt=\"\" srcset=\"https:\/\/www.planvacation.asia\/wp-content\/uploads\/2016\/02\/14697170_10206960647964539_1448738463_o-150x150.jpg 150w, https:\/\/www.planvacation.asia\/wp-content\/uploads\/2016\/02\/14697170_10206960647964539_1448738463_o-e1476965438993-100x100.jpg 100w\" sizes=\"(max-width: 150px) 100vw, 150px\" \/>\t\t\t\t\t\t\t\t\t\t\t\t\t\t\t<\/div>\n\t\t\t\t<\/div>\n\t\t\t\t<\/div>\n\t\t\t\t\t<\/div>\n\t\t\t\t<\/div>\n\t\t\t\t<\/div>","protected":false},"excerpt":{"rendered":"<p>Plan Vacation Asia Seit der Gr\u00fcndung des Unternehmens im Jahr 2005 unter dem Namen &#8220;Taipan Reise Center (Thailand) Co., Ltd.&#8221; war es stets unser Anliegen, individuelle und ma\u00dfgeschneiderte Programme zu gestalten, damit unsere G\u00e4ste Asien von seiner sch\u00f6nsten Seite erleben k\u00f6nnen. Der Mehrheitsgesellschafter und Gr\u00fcnder des Unternehmens begann bereits in den 90er Jahren als Reiseleiter, [&hellip;]<\/p>","protected":false},"author":1,"featured_media":0,"parent":0,"menu_order":0,"comment_status":"closed","ping_status":"closed","template":"elementor_theme","meta":{"footnotes":""},"categories":[],"pages_tags":[],"class_list":["post-7397","page","type-page","status-publish","hentry"],"yoast_head":"<!-- This site is optimized with the Yoast SEO plugin v26.6 - https:\/\/yoast.com\/wordpress\/plugins\/seo\/ -->\n<title>\u00dcber uns - Plan for Tour Sure for Trip<\/title>\n<meta name=\"robots\" content=\"index, follow, max-snippet:-1, max-image-preview:large, max-video-preview:-1\" \/>\n<link rel=\"canonical\" href=\"https:\/\/www.planvacation.asia\/de\/ueber-uns\/\" \/>\n<meta property=\"og:locale\" content=\"de_DE\" \/>\n<meta property=\"og:type\" content=\"article\" \/>\n<meta property=\"og:title\" content=\"\u00dcber uns - Plan for Tour Sure for Trip\" \/>\n<meta property=\"og:description\" content=\"Plan Vacation Asia Seit der Gr\u00fcndung des Unternehmens im Jahr 2005 unter dem Namen &#8220;Taipan Reise Center (Thailand) Co., Ltd.&#8221; war es stets unser Anliegen, individuelle und ma\u00dfgeschneiderte Programme zu gestalten, damit unsere G\u00e4ste Asien von seiner sch\u00f6nsten Seite erleben k\u00f6nnen. Der Mehrheitsgesellschafter und Gr\u00fcnder des Unternehmens begann bereits in den 90er Jahren als Reiseleiter, [&hellip;]\" \/>\n<meta property=\"og:url\" content=\"https:\/\/www.planvacation.asia\/de\/ueber-uns\/\" \/>\n<meta property=\"og:site_name\" content=\"Plan for Tour Sure for Trip\" \/>\n<meta property=\"article:publisher\" content=\"https:\/\/www.facebook.com\/pva.thailand\/\" \/>\n<meta property=\"article:modified_time\" content=\"2025-07-16T15:58:22+00:00\" \/>\n<meta property=\"og:image\" content=\"https:\/\/www.planvacation.asia\/wp-content\/uploads\/2016\/02\/14678110_10206960647604530_1297621220_o-e1476965394540.jpg\" \/>\n\t<meta property=\"og:image:width\" content=\"133\" \/>\n\t<meta property=\"og:image:height\" content=\"177\" \/>\n\t<meta property=\"og:image:type\" content=\"image\/jpeg\" \/>\n<meta name=\"twitter:card\" content=\"summary_large_image\" \/>\n<meta name=\"twitter:label1\" content=\"Gesch\u00e4tzte Lesezeit\" \/>\n\t<meta name=\"twitter:data1\" content=\"2\u00a0Minuten\" \/>\n<script type=\"application\/ld+json\" class=\"yoast-schema-graph\">{\"@context\":\"https:\/\/schema.org\",\"@graph\":[{\"@type\":\"WebPage\",\"@id\":\"https:\/\/www.planvacation.asia\/ueber-uns\/\",\"url\":\"https:\/\/www.planvacation.asia\/ueber-uns\/\",\"name\":\"\u00dcber uns - Plan for Tour Sure for Trip\",\"isPartOf\":{\"@id\":\"https:\/\/www.planvacation.asia\/#website\"},\"primaryImageOfPage\":{\"@id\":\"https:\/\/www.planvacation.asia\/ueber-uns\/#primaryimage\"},\"image\":{\"@id\":\"https:\/\/www.planvacation.asia\/ueber-uns\/#primaryimage\"},\"thumbnailUrl\":\"https:\/\/www.planvacation.asia\/wp-content\/uploads\/2016\/02\/14678110_10206960647604530_1297621220_o-150x150.jpg\",\"datePublished\":\"2025-07-16T15:56:29+00:00\",\"dateModified\":\"2025-07-16T15:58:22+00:00\",\"breadcrumb\":{\"@id\":\"https:\/\/www.planvacation.asia\/ueber-uns\/#breadcrumb\"},\"inLanguage\":\"de\",\"potentialAction\":[{\"@type\":\"ReadAction\",\"target\":[\"https:\/\/www.planvacation.asia\/ueber-uns\/\"]}]},{\"@type\":\"ImageObject\",\"inLanguage\":\"de\",\"@id\":\"https:\/\/www.planvacation.asia\/ueber-uns\/#primaryimage\",\"url\":\"https:\/\/www.planvacation.asia\/wp-content\/uploads\/2016\/02\/14678110_10206960647604530_1297621220_o-150x150.jpg\",\"contentUrl\":\"https:\/\/www.planvacation.asia\/wp-content\/uploads\/2016\/02\/14678110_10206960647604530_1297621220_o-150x150.jpg\"},{\"@type\":\"BreadcrumbList\",\"@id\":\"https:\/\/www.planvacation.asia\/ueber-uns\/#breadcrumb\",\"itemListElement\":[{\"@type\":\"ListItem\",\"position\":1,\"name\":\"Home\",\"item\":\"https:\/\/www.planvacation.asia\/\"},{\"@type\":\"ListItem\",\"position\":2,\"name\":\"\u00dcber uns\"}]},{\"@type\":\"WebSite\",\"@id\":\"https:\/\/www.planvacation.asia\/#website\",\"url\":\"https:\/\/www.planvacation.asia\/\",\"name\":\"Plan for Tour Sure for Trip\",\"description\":\"Book the trip when you are satisfied.\",\"publisher\":{\"@id\":\"https:\/\/www.planvacation.asia\/#organization\"},\"potentialAction\":[{\"@type\":\"SearchAction\",\"target\":{\"@type\":\"EntryPoint\",\"urlTemplate\":\"https:\/\/www.planvacation.asia\/?s={search_term_string}\"},\"query-input\":{\"@type\":\"PropertyValueSpecification\",\"valueRequired\":true,\"valueName\":\"search_term_string\"}}],\"inLanguage\":\"de\"},{\"@type\":\"Organization\",\"@id\":\"https:\/\/www.planvacation.asia\/#organization\",\"name\":\"Plan Vacation Asia\",\"url\":\"https:\/\/www.planvacation.asia\/\",\"logo\":{\"@type\":\"ImageObject\",\"inLanguage\":\"de\",\"@id\":\"https:\/\/www.planvacation.asia\/#\/schema\/logo\/image\/\",\"url\":\"https:\/\/www.planvacation.asia\/wp-content\/uploads\/2017\/05\/logo-circle-smallest.png\",\"contentUrl\":\"https:\/\/www.planvacation.asia\/wp-content\/uploads\/2017\/05\/logo-circle-smallest.png\",\"width\":150,\"height\":150,\"caption\":\"Plan Vacation Asia\"},\"image\":{\"@id\":\"https:\/\/www.planvacation.asia\/#\/schema\/logo\/image\/\"},\"sameAs\":[\"https:\/\/www.facebook.com\/pva.thailand\/\"]}]}<\/script>\n<!-- \/ Yoast SEO plugin. -->","yoast_head_json":{"title":"\u00dcber uns - Plan for Tour Sure for Trip","robots":{"index":"index","follow":"follow","max-snippet":"max-snippet:-1","max-image-preview":"max-image-preview:large","max-video-preview":"max-video-preview:-1"},"canonical":"https:\/\/www.planvacation.asia\/de\/ueber-uns\/","og_locale":"de_DE","og_type":"article","og_title":"\u00dcber uns - Plan for Tour Sure for Trip","og_description":"Plan Vacation Asia Seit der Gr\u00fcndung des Unternehmens im Jahr 2005 unter dem Namen &#8220;Taipan Reise Center (Thailand) Co., Ltd.&#8221; war es stets unser Anliegen, individuelle und ma\u00dfgeschneiderte Programme zu gestalten, damit unsere G\u00e4ste Asien von seiner sch\u00f6nsten Seite erleben k\u00f6nnen. Der Mehrheitsgesellschafter und Gr\u00fcnder des Unternehmens begann bereits in den 90er Jahren als Reiseleiter, [&hellip;]","og_url":"https:\/\/www.planvacation.asia\/de\/ueber-uns\/","og_site_name":"Plan for Tour Sure for Trip","article_publisher":"https:\/\/www.facebook.com\/pva.thailand\/","article_modified_time":"2025-07-16T15:58:22+00:00","og_image":[{"width":133,"height":177,"url":"https:\/\/www.planvacation.asia\/wp-content\/uploads\/2016\/02\/14678110_10206960647604530_1297621220_o-e1476965394540.jpg","type":"image\/jpeg"}],"twitter_card":"summary_large_image","twitter_misc":{"Gesch\u00e4tzte Lesezeit":"2\u00a0Minuten"},"schema":{"@context":"https:\/\/schema.org","@graph":[{"@type":"WebPage","@id":"https:\/\/www.planvacation.asia\/ueber-uns\/","url":"https:\/\/www.planvacation.asia\/ueber-uns\/","name":"\u00dcber uns - Plan for Tour Sure for Trip","isPartOf":{"@id":"https:\/\/www.planvacation.asia\/#website"},"primaryImageOfPage":{"@id":"https:\/\/www.planvacation.asia\/ueber-uns\/#primaryimage"},"image":{"@id":"https:\/\/www.planvacation.asia\/ueber-uns\/#primaryimage"},"thumbnailUrl":"https:\/\/www.planvacation.asia\/wp-content\/uploads\/2016\/02\/14678110_10206960647604530_1297621220_o-150x150.jpg","datePublished":"2025-07-16T15:56:29+00:00","dateModified":"2025-07-16T15:58:22+00:00","breadcrumb":{"@id":"https:\/\/www.planvacation.asia\/ueber-uns\/#breadcrumb"},"inLanguage":"de","potentialAction":[{"@type":"ReadAction","target":["https:\/\/www.planvacation.asia\/ueber-uns\/"]}]},{"@type":"ImageObject","inLanguage":"de","@id":"https:\/\/www.planvacation.asia\/ueber-uns\/#primaryimage","url":"https:\/\/www.planvacation.asia\/wp-content\/uploads\/2016\/02\/14678110_10206960647604530_1297621220_o-150x150.jpg","contentUrl":"https:\/\/www.planvacation.asia\/wp-content\/uploads\/2016\/02\/14678110_10206960647604530_1297621220_o-150x150.jpg"},{"@type":"BreadcrumbList","@id":"https:\/\/www.planvacation.asia\/ueber-uns\/#breadcrumb","itemListElement":[{"@type":"ListItem","position":1,"name":"Home","item":"https:\/\/www.planvacation.asia\/"},{"@type":"ListItem","position":2,"name":"\u00dcber uns"}]},{"@type":"WebSite","@id":"https:\/\/www.planvacation.asia\/#website","url":"https:\/\/www.planvacation.asia\/","name":"Reiseplanung mit Sicherheit und Erlebnis","description":"Buchen Sie die Reise, wenn Sie zufrieden sind","publisher":{"@id":"https:\/\/www.planvacation.asia\/#organization"},"potentialAction":[{"@type":"SearchAction","target":{"@type":"EntryPoint","urlTemplate":"https:\/\/www.planvacation.asia\/?s={search_term_string}"},"query-input":{"@type":"PropertyValueSpecification","valueRequired":true,"valueName":"search_term_string"}}],"inLanguage":"de"},{"@type":"Organization","@id":"https:\/\/www.planvacation.asia\/#organization","name":"Plan Vacation Asia","url":"https:\/\/www.planvacation.asia\/","logo":{"@type":"ImageObject","inLanguage":"de","@id":"https:\/\/www.planvacation.asia\/#\/schema\/logo\/image\/","url":"https:\/\/www.planvacation.asia\/wp-content\/uploads\/2017\/05\/logo-circle-smallest.png","contentUrl":"https:\/\/www.planvacation.asia\/wp-content\/uploads\/2017\/05\/logo-circle-smallest.png","width":150,"height":150,"caption":"Plan Vacation Asia"},"image":{"@id":"https:\/\/www.planvacation.asia\/#\/schema\/logo\/image\/"},"sameAs":["https:\/\/www.facebook.com\/pva.thailand\/"]}]}},"_links":{"self":[{"href":"https:\/\/www.planvacation.asia\/de\/wp-json\/wp\/v2\/pages\/7397","targetHints":{"allow":["GET"]}}],"collection":[{"href":"https:\/\/www.planvacation.asia\/de\/wp-json\/wp\/v2\/pages"}],"about":[{"href":"https:\/\/www.planvacation.asia\/de\/wp-json\/wp\/v2\/types\/page"}],"author":[{"embeddable":true,"href":"https:\/\/www.planvacation.asia\/de\/wp-json\/wp\/v2\/users\/1"}],"replies":[{"embeddable":true,"href":"https:\/\/www.planvacation.asia\/de\/wp-json\/wp\/v2\/comments?post=7397"}],"version-history":[{"count":4,"href":"https:\/\/www.planvacation.asia\/de\/wp-json\/wp\/v2\/pages\/7397\/revisions"}],"predecessor-version":[{"id":7405,"href":"https:\/\/www.planvacation.asia\/de\/wp-json\/wp\/v2\/pages\/7397\/revisions\/7405"}],"wp:attachment":[{"href":"https:\/\/www.planvacation.asia\/de\/wp-json\/wp\/v2\/media?parent=7397"}],"wp:term":[{"taxonomy":"category","embeddable":true,"href":"https:\/\/www.planvacation.asia\/de\/wp-json\/wp\/v2\/categories?post=7397"},{"taxonomy":"pages_tags","embeddable":true,"href":"https:\/\/www.planvacation.asia\/de\/wp-json\/wp\/v2\/pages_tags?post=7397"}],"curies":[{"name":"wp","href":"https:\/\/api.w.org\/{rel}","templated":true}]}}